{"id":11090,"date":"2024-07-15T13:52:12","date_gmt":"2024-07-15T13:52:12","guid":{"rendered":"https:\/\/corbario.com\/reporting-portal\/"},"modified":"2024-07-18T10:36:24","modified_gmt":"2024-07-18T10:36:24","slug":"reporting-portal","status":"publish","type":"page","link":"https:\/\/corbario.com\/en\/reporting-portal\/","title":{"rendered":"Reporting Portal"},"content":{"rendered":"\t\t<div data-elementor-type=\"wp-page\" data-elementor-id=\"11090\" class=\"elementor elementor-11090 elementor-11047\">\n\t\t\t\t\t\t<section class=\"elementor-section elementor-top-section elementor-element elementor-element-2dd807c0 elementor-section-boxed elementor-section-height-default elementor-section-height-default wd-section-disabled\" data-id=\"2dd807c0\" data-element_type=\"section\">\n\t\t\t\t\t\t<div class=\"elementor-container elementor-column-gap-no\">\n\t\t\t\t\t<div class=\"elementor-column elementor-col-100 elementor-top-column elementor-element elementor-element-4073cf21\" data-id=\"4073cf21\" data-element_type=\"column\">\n\t\t\t<div class=\"elementor-widget-wrap elementor-element-populated\">\n\t\t\t\t\t\t<div class=\"elementor-element elementor-element-6b03a858 elementor-widget elementor-widget-wd_title\" data-id=\"6b03a858\" data-element_type=\"widget\" data-widget_type=\"wd_title.default\">\n\t\t\t\t<div class=\"elementor-widget-container\">\n\t\t\t\t\t\t\t<div class=\"title-wrapper set-mb-s reset-last-child wd-title-color-default wd-title-style-default wd-title-size-default text-center\">\n\n\t\t\t\t\t\t\t<div class=\"title-subtitle subtitle-color-default subtitle-style-default wd-fontsize-xs\">\n\t\t\t\t\tCORB\u00c1RIO\t\t\t\t<\/div>\n\t\t\t\n\t\t\t<div class=\"liner-continer\">\n\t\t\t\t<h4 class=\"woodmart-title-container title wd-fontsize-l\">Fill in the form with your report<\/h4> \n\t\t\t\t\t\t\t<\/div>\n\n\t\t\t\t\t\t\t<div class=\"title-after_title set-cont-mb-s reset-last-child wd-fontsize-xs\">\n\t\t\t\t\t<p>Enter your data and detail the situation you wish to report<\/p>\t\t\t\t<\/div>\n\t\t\t\t\t<\/div>\n\t\t\t\t\t\t<\/div>\n\t\t\t\t<\/div>\n\t\t\t\t\t<\/div>\n\t\t<\/div>\n\t\t\t\t\t<\/div>\n\t\t<\/section>\n\t\t\t\t<section class=\"elementor-section elementor-top-section elementor-element elementor-element-1809d13e elementor-section-boxed elementor-section-height-default elementor-section-height-default wd-section-disabled\" data-id=\"1809d13e\" data-element_type=\"section\">\n\t\t\t\t\t\t<div class=\"elementor-container elementor-column-gap-default\">\n\t\t\t\t\t<div class=\"elementor-column elementor-col-100 elementor-top-column elementor-element elementor-element-79efefb5\" data-id=\"79efefb5\" data-element_type=\"column\">\n\t\t\t<div class=\"elementor-widget-wrap elementor-element-populated\">\n\t\t\t\t\t\t<section class=\"elementor-section elementor-inner-section elementor-element elementor-element-7b451df4 elementor-section-boxed elementor-section-height-default elementor-section-height-default wd-section-disabled\" data-id=\"7b451df4\" data-element_type=\"section\" data-settings=\"{&quot;background_background&quot;:&quot;classic&quot;}\">\n\t\t\t\t\t\t<div class=\"elementor-container elementor-column-gap-default\">\n\t\t\t\t\t<div class=\"elementor-column elementor-col-100 elementor-inner-column elementor-element elementor-element-48f0fabe\" data-id=\"48f0fabe\" data-element_type=\"column\">\n\t\t\t<div class=\"elementor-widget-wrap elementor-element-populated\">\n\t\t\t\t\t\t<div class=\"elementor-element elementor-element-603f3eb4 elementor-widget elementor-widget-wd_contact_form_7\" data-id=\"603f3eb4\" data-element_type=\"widget\" data-widget_type=\"wd_contact_form_7.default\">\n\t\t\t\t<div class=\"elementor-widget-container\">\n\t\t\t\t\t\n<div class=\"wpcf7 no-js\" id=\"wpcf7-f11098-o1\" lang=\"en-US\" dir=\"ltr\" data-wpcf7-id=\"11098\">\n<div class=\"screen-reader-response\"><p role=\"status\" aria-live=\"polite\" aria-atomic=\"true\"><\/p> <ul><\/ul><\/div>\n<form action=\"\/en\/wp-json\/wp\/v2\/pages\/11090#wpcf7-f11098-o1\" method=\"post\" class=\"wpcf7-form init wd-style-with-bg\" aria-label=\"Contact form\" novalidate=\"novalidate\" data-status=\"init\">\n<fieldset class=\"hidden-fields-container\"><input type=\"hidden\" name=\"_wpcf7\" value=\"11098\" \/><input type=\"hidden\" name=\"_wpcf7_version\" value=\"6.1\" \/><input type=\"hidden\" name=\"_wpcf7_locale\" value=\"en_US\" \/><input type=\"hidden\" name=\"_wpcf7_unit_tag\" value=\"wpcf7-f11098-o1\" \/><input type=\"hidden\" name=\"_wpcf7_container_post\" value=\"0\" \/><input type=\"hidden\" name=\"_wpcf7_posted_data_hash\" value=\"\" \/><input type=\"hidden\" name=\"_wpcf7cf_hidden_group_fields\" value=\"[]\" \/><input type=\"hidden\" name=\"_wpcf7cf_hidden_groups\" value=\"[]\" \/><input type=\"hidden\" name=\"_wpcf7cf_visible_groups\" value=\"[]\" \/><input type=\"hidden\" name=\"_wpcf7cf_repeaters\" value=\"[]\" \/><input type=\"hidden\" name=\"_wpcf7cf_steps\" value=\"{}\" \/><input type=\"hidden\" name=\"_wpcf7cf_options\" value=\"{&quot;form_id&quot;:11098,&quot;conditions&quot;:[{&quot;then_field&quot;:&quot;report-selected&quot;,&quot;and_rules&quot;:[{&quot;if_field&quot;:&quot;your-report&quot;,&quot;operator&quot;:&quot;equals&quot;,&quot;if_value&quot;:&quot;No&quot;}]}],&quot;settings&quot;:{&quot;animation&quot;:&quot;yes&quot;,&quot;animation_intime&quot;:200,&quot;animation_outtime&quot;:200,&quot;conditions_ui&quot;:&quot;normal&quot;,&quot;notice_dismissed&quot;:false}}\" \/><input type=\"hidden\" name=\"_wpcf7_recaptcha_response\" value=\"\" \/>\n<\/fieldset>\n<div class=\"row\">\n\t<p class=\"col-md-12\"><label>Do you want to make an anonymous report?*<\/label><span class=\"wpcf7-form-control-wrap\" data-name=\"your-report\"><span class=\"wpcf7-form-control wpcf7-radio\"><span class=\"wpcf7-list-item first\"><label><input type=\"radio\" name=\"your-report\" value=\"Yes\" checked=\"checked\" \/><span class=\"wpcf7-list-item-label\">Yes<\/span><\/label><\/span><span class=\"wpcf7-list-item last\"><label><input type=\"radio\" name=\"your-report\" value=\"No\" \/><span class=\"wpcf7-list-item-label\">No<\/span><\/label><\/span><\/span><\/span>\n\t<\/p>\n<\/div>\n<div data-id=\"report-selected\" data-orig_data_id=\"report-selected\"  class=\"\" data-class=\"wpcf7cf_group\">\n\t<div class=\"row\">\n\t\t<p class=\"col-md-4\"><label>Name<\/label><span class=\"wpcf7-form-control-wrap\" data-name=\"your-name\"><input size=\"40\" maxlength=\"400\" class=\"wpcf7-form-control wpcf7-text wpcf7-validates-as-required\" aria-required=\"true\" aria-invalid=\"false\" placeholder=\"Your full name\" value=\"\" type=\"text\" name=\"your-name\" \/><\/span>\n\t\t<\/p>\n\t\t<p class=\"col-md-4\"><label>Email address<\/label><span class=\"wpcf7-form-control-wrap\" data-name=\"your-email\"><input size=\"40\" maxlength=\"400\" class=\"wpcf7-form-control wpcf7-email wpcf7-validates-as-required wpcf7-text wpcf7-validates-as-email\" aria-required=\"true\" aria-invalid=\"false\" placeholder=\"email@example.com\" value=\"\" type=\"email\" name=\"your-email\" \/><\/span>\n\t\t<\/p>\n\t\t<p class=\"col-md-4\"><label>Phone number<\/label><span class=\"wpcf7-form-control-wrap\" data-name=\"your-phone\"><input size=\"40\" maxlength=\"400\" class=\"wpcf7-form-control wpcf7-tel wpcf7-text wpcf7-validates-as-tel\" aria-invalid=\"false\" placeholder=\"Your phone number\" value=\"\" type=\"tel\" name=\"your-phone\" \/><\/span>\n\t\t<\/p>\n\t<\/div>\n<\/div>\n<div class=\"row\">\n\t<p class=\"col-md-6\"><label>Report subject*<\/label><span class=\"wpcf7-form-control-wrap\" data-name=\"your-report-subject\"><input size=\"40\" maxlength=\"400\" class=\"wpcf7-form-control wpcf7-text wpcf7-validates-as-required\" aria-required=\"true\" aria-invalid=\"false\" placeholder=\"Intended report\" value=\"\" type=\"text\" name=\"your-report-subject\" \/><\/span>\n\t<\/p>\n\t<p class=\"col-md-6\"><label>Date of occurrence*<\/label><span class=\"wpcf7-form-control-wrap\" data-name=\"report-date\"><input class=\"wpcf7-form-control wpcf7-date wpcf7-validates-as-required wpcf7-validates-as-date\" aria-required=\"true\" aria-invalid=\"false\" value=\"\" type=\"date\" name=\"report-date\" \/><\/span>\n\t<\/p>\n<\/div>\n<div class=\"row\">\n\t<p class=\"col-md-6\"><label>Corb\u00e1rio Unit*<\/label><span class=\"wpcf7-form-control-wrap\" data-name=\"unit-report\"><select class=\"wpcf7-form-control wpcf7-select wpcf7-validates-as-required\" aria-required=\"true\" aria-invalid=\"false\" name=\"unit-report\"><option value=\"\">-- Choose a unit --<\/option><option value=\"Barrac\u00e3o\">Barrac\u00e3o<\/option><option value=\"Redinha\">Redinha<\/option><option value=\"Soeira\">Soeira<\/option><option value=\"Sobreda\">Sobreda<\/option><option value=\"Salgueiro\">Salgueiro<\/option><\/select><\/span>\n\t<\/p>\n\t<p class=\"col-md-6\"><label>How are you reporting?*<\/label><span class=\"wpcf7-form-control-wrap\" data-name=\"local-report\"><select class=\"wpcf7-form-control wpcf7-select wpcf7-validates-as-required\" aria-required=\"true\" aria-invalid=\"false\" name=\"local-report\"><option value=\"\">-- Choose an option --<\/option><option value=\"Collaborator\">Collaborator<\/option><option value=\"Ex-collaborator\">Ex-collaborator<\/option><option value=\"Candidate\">Candidate<\/option><option value=\"Client\">Client<\/option><option value=\"Partner\">Partner<\/option><option value=\"Supplier\">Supplier<\/option><option value=\"Other\">Other<\/option><\/select><\/span>\n\t<\/p>\n<\/div>\n<div class=\"row\">\n\t<p class=\"col-md-12\"><label>Message<\/label><span class=\"wpcf7-form-control-wrap\" data-name=\"your-message\"><textarea cols=\"40\" rows=\"10\" maxlength=\"2000\" class=\"wpcf7-form-control wpcf7-textarea\" aria-invalid=\"false\" placeholder=\"Your message\" name=\"your-message\"><\/textarea><\/span>\n\t<\/p>\n<\/div>\n<div class=\"row\">\n\t<div class=\"col-md-12\">\n\t\t<p><span class=\"wpcf7-form-control-wrap\" data-name=\"your-consent\"><span class=\"wpcf7-form-control wpcf7-acceptance\"><span class=\"wpcf7-list-item\"><label><input type=\"checkbox\" name=\"your-consent\" value=\"1\" aria-invalid=\"false\" \/><span class=\"wpcf7-list-item-label\">I've read and accept the <a target=\"_blank\" href=\"\/privacy-policy\" rel=\"nofollow\">Privacy Policy<\/a><\/span><\/label><\/span><\/span><\/span>\n\t\t<\/p>\n\t<\/div>\n<\/div>\n<p><input class=\"wpcf7-form-control wpcf7-submit has-spinner\" type=\"submit\" value=\"SEND\" \/>\n<\/p><div class=\"wpcf7-response-output\" aria-hidden=\"true\"><\/div>\n<\/form>\n<\/div>\n\t\t\t\t<\/div>\n\t\t\t\t<\/div>\n\t\t\t\t<div class=\"elementor-element elementor-element-667ef91 elementor-widget elementor-widget-wd_text_block\" data-id=\"667ef91\" data-element_type=\"widget\" data-widget_type=\"wd_text_block.default\">\n\t\t\t\t<div class=\"elementor-widget-container\">\n\t\t\t\t\t\t\t<div class=\"wd-text-block reset-last-child text-left\">\n\t\t\t\n\t\t\t<p>Alternatively, you can send an email to<br \/><a href=\"mailto:portaldadenuncia@corbario.com\"><strong>portaldadenuncia@corbario.com<\/strong><\/a><\/p>\n\t\t\t\t\t<\/div>\n\t\t\t\t\t\t<\/div>\n\t\t\t\t<\/div>\n\t\t\t\t\t<\/div>\n\t\t<\/div>\n\t\t\t\t\t<\/div>\n\t\t<\/section>\n\t\t\t\t\t<\/div>\n\t\t<\/div>\n\t\t\t\t\t<\/div>\n\t\t<\/section>\n\t\t\t\t<\/div>\n\t\t","protected":false},"excerpt":{"rendered":"<p>CORB\u00c1RIO Fill in the form with your report Enter your data and detail the situation you wish to report Deseja<\/p>\n","protected":false},"author":3,"featured_media":0,"parent":0,"menu_order":0,"comment_status":"closed","ping_status":"closed","template":"","meta":{"_monsterinsights_skip_tracking":false,"_monsterinsights_sitenote_active":false,"_monsterinsights_sitenote_note":"","_monsterinsights_sitenote_category":0,"footnotes":""},"class_list":["post-11090","page","type-page","status-publish","hentry"],"yoast_head":"<!-- This site is optimized with the Yoast SEO plugin v25.5 - https:\/\/yoast.com\/wordpress\/plugins\/seo\/ -->\n<title>Reporting Portal - Corb\u00e1rio<\/title>\n<meta name=\"robots\" content=\"index, follow, max-snippet:-1, max-image-preview:large, max-video-preview:-1\" \/>\n<link rel=\"canonical\" href=\"https:\/\/corbario.com\/en\/reporting-portal\/\" \/>\n<meta property=\"og:locale\" content=\"en_US\" \/>\n<meta property=\"og:type\" content=\"article\" \/>\n<meta property=\"og:title\" content=\"Reporting Portal - Corb\u00e1rio\" \/>\n<meta property=\"og:description\" content=\"CORB\u00c1RIO Fill in the form with your report Enter your data and detail the situation you wish to report Deseja\" \/>\n<meta property=\"og:url\" content=\"https:\/\/corbario.com\/en\/reporting-portal\/\" \/>\n<meta property=\"og:site_name\" content=\"Corb\u00e1rio\" \/>\n<meta property=\"article:modified_time\" content=\"2024-07-18T10:36:24+00:00\" \/>\n<meta name=\"twitter:card\" content=\"summary_large_image\" \/>\n<meta name=\"twitter:label1\" content=\"Est. reading time\" \/>\n\t<meta name=\"twitter:data1\" content=\"1 minute\" \/>\n<script type=\"application\/ld+json\" class=\"yoast-schema-graph\">{\"@context\":\"https:\/\/schema.org\",\"@graph\":[{\"@type\":\"WebPage\",\"@id\":\"https:\/\/corbario.com\/en\/reporting-portal\/\",\"url\":\"https:\/\/corbario.com\/en\/reporting-portal\/\",\"name\":\"Reporting Portal - Corb\u00e1rio\",\"isPartOf\":{\"@id\":\"https:\/\/corbario.com\/en\/#website\"},\"datePublished\":\"2024-07-15T13:52:12+00:00\",\"dateModified\":\"2024-07-18T10:36:24+00:00\",\"breadcrumb\":{\"@id\":\"https:\/\/corbario.com\/en\/reporting-portal\/#breadcrumb\"},\"inLanguage\":\"en-US\",\"potentialAction\":[{\"@type\":\"ReadAction\",\"target\":[\"https:\/\/corbario.com\/en\/reporting-portal\/\"]}]},{\"@type\":\"BreadcrumbList\",\"@id\":\"https:\/\/corbario.com\/en\/reporting-portal\/#breadcrumb\",\"itemListElement\":[{\"@type\":\"ListItem\",\"position\":1,\"name\":\"In\u00edcio\",\"item\":\"https:\/\/corbario.com\/en\/\"},{\"@type\":\"ListItem\",\"position\":2,\"name\":\"Reporting Portal\"}]},{\"@type\":\"WebSite\",\"@id\":\"https:\/\/corbario.com\/en\/#website\",\"url\":\"https:\/\/corbario.com\/en\/\",\"name\":\"Corb\u00e1rio - Extra\u00e7\u00e3o e Transforma\u00e7\u00e3o de Min\u00e9rios\",\"description\":\"A Portuguese based mining company with a diversed range of products\",\"publisher\":{\"@id\":\"https:\/\/corbario.com\/en\/#organization\"},\"potentialAction\":[{\"@type\":\"SearchAction\",\"target\":{\"@type\":\"EntryPoint\",\"urlTemplate\":\"https:\/\/corbario.com\/en\/?s={search_term_string}\"},\"query-input\":{\"@type\":\"PropertyValueSpecification\",\"valueRequired\":true,\"valueName\":\"search_term_string\"}}],\"inLanguage\":\"en-US\"},{\"@type\":\"Organization\",\"@id\":\"https:\/\/corbario.com\/en\/#organization\",\"name\":\"Corb\u00e1rio - Extra\u00e7\u00e3o e Transforma\u00e7\u00e3o de Min\u00e9rios\",\"url\":\"https:\/\/corbario.com\/en\/\",\"logo\":{\"@type\":\"ImageObject\",\"inLanguage\":\"en-US\",\"@id\":\"https:\/\/corbario.com\/en\/#\/schema\/logo\/image\/\",\"url\":\"https:\/\/corbario.com\/wp-content\/uploads\/2022\/06\/logo-corbario-cores.svg\",\"contentUrl\":\"https:\/\/corbario.com\/wp-content\/uploads\/2022\/06\/logo-corbario-cores.svg\",\"width\":695,\"height\":221,\"caption\":\"Corb\u00e1rio - Extra\u00e7\u00e3o e Transforma\u00e7\u00e3o de Min\u00e9rios\"},\"image\":{\"@id\":\"https:\/\/corbario.com\/en\/#\/schema\/logo\/image\/\"}}]}<\/script>\n<!-- \/ Yoast SEO plugin. -->","yoast_head_json":{"title":"Reporting Portal - Corb\u00e1rio","robots":{"index":"index","follow":"follow","max-snippet":"max-snippet:-1","max-image-preview":"max-image-preview:large","max-video-preview":"max-video-preview:-1"},"canonical":"https:\/\/corbario.com\/en\/reporting-portal\/","og_locale":"en_US","og_type":"article","og_title":"Reporting Portal - Corb\u00e1rio","og_description":"CORB\u00c1RIO Fill in the form with your report Enter your data and detail the situation you wish to report Deseja","og_url":"https:\/\/corbario.com\/en\/reporting-portal\/","og_site_name":"Corb\u00e1rio","article_modified_time":"2024-07-18T10:36:24+00:00","twitter_card":"summary_large_image","twitter_misc":{"Est. reading time":"1 minute"},"schema":{"@context":"https:\/\/schema.org","@graph":[{"@type":"WebPage","@id":"https:\/\/corbario.com\/en\/reporting-portal\/","url":"https:\/\/corbario.com\/en\/reporting-portal\/","name":"Reporting Portal - Corb\u00e1rio","isPartOf":{"@id":"https:\/\/corbario.com\/en\/#website"},"datePublished":"2024-07-15T13:52:12+00:00","dateModified":"2024-07-18T10:36:24+00:00","breadcrumb":{"@id":"https:\/\/corbario.com\/en\/reporting-portal\/#breadcrumb"},"inLanguage":"en-US","potentialAction":[{"@type":"ReadAction","target":["https:\/\/corbario.com\/en\/reporting-portal\/"]}]},{"@type":"BreadcrumbList","@id":"https:\/\/corbario.com\/en\/reporting-portal\/#breadcrumb","itemListElement":[{"@type":"ListItem","position":1,"name":"In\u00edcio","item":"https:\/\/corbario.com\/en\/"},{"@type":"ListItem","position":2,"name":"Reporting Portal"}]},{"@type":"WebSite","@id":"https:\/\/corbario.com\/en\/#website","url":"https:\/\/corbario.com\/en\/","name":"Corb\u00e1rio - Extra\u00e7\u00e3o e Transforma\u00e7\u00e3o de Min\u00e9rios","description":"A Portuguese based mining company with a diversed range of products","publisher":{"@id":"https:\/\/corbario.com\/en\/#organization"},"potentialAction":[{"@type":"SearchAction","target":{"@type":"EntryPoint","urlTemplate":"https:\/\/corbario.com\/en\/?s={search_term_string}"},"query-input":{"@type":"PropertyValueSpecification","valueRequired":true,"valueName":"search_term_string"}}],"inLanguage":"en-US"},{"@type":"Organization","@id":"https:\/\/corbario.com\/en\/#organization","name":"Corb\u00e1rio - Extra\u00e7\u00e3o e Transforma\u00e7\u00e3o de Min\u00e9rios","url":"https:\/\/corbario.com\/en\/","logo":{"@type":"ImageObject","inLanguage":"en-US","@id":"https:\/\/corbario.com\/en\/#\/schema\/logo\/image\/","url":"https:\/\/corbario.com\/wp-content\/uploads\/2022\/06\/logo-corbario-cores.svg","contentUrl":"https:\/\/corbario.com\/wp-content\/uploads\/2022\/06\/logo-corbario-cores.svg","width":695,"height":221,"caption":"Corb\u00e1rio - Extra\u00e7\u00e3o e Transforma\u00e7\u00e3o de Min\u00e9rios"},"image":{"@id":"https:\/\/corbario.com\/en\/#\/schema\/logo\/image\/"}}]}},"_links":{"self":[{"href":"https:\/\/corbario.com\/en\/wp-json\/wp\/v2\/pages\/11090","targetHints":{"allow":["GET"]}}],"collection":[{"href":"https:\/\/corbario.com\/en\/wp-json\/wp\/v2\/pages"}],"about":[{"href":"https:\/\/corbario.com\/en\/wp-json\/wp\/v2\/types\/page"}],"author":[{"embeddable":true,"href":"https:\/\/corbario.com\/en\/wp-json\/wp\/v2\/users\/3"}],"replies":[{"embeddable":true,"href":"https:\/\/corbario.com\/en\/wp-json\/wp\/v2\/comments?post=11090"}],"version-history":[{"count":7,"href":"https:\/\/corbario.com\/en\/wp-json\/wp\/v2\/pages\/11090\/revisions"}],"predecessor-version":[{"id":11108,"href":"https:\/\/corbario.com\/en\/wp-json\/wp\/v2\/pages\/11090\/revisions\/11108"}],"wp:attachment":[{"href":"https:\/\/corbario.com\/en\/wp-json\/wp\/v2\/media?parent=11090"}],"curies":[{"name":"wp","href":"https:\/\/api.w.org\/{rel}","templated":true}]}}