{"id":8504,"date":"2022-06-09T13:27:54","date_gmt":"2022-06-09T13:27:54","guid":{"rendered":"http:\/\/corbario.digital-terroirs.com\/?page_id=8504"},"modified":"2022-07-22T13:41:40","modified_gmt":"2022-07-22T13:41:40","slug":"careers","status":"publish","type":"page","link":"https:\/\/corbario.com\/en\/careers\/","title":{"rendered":"Careers"},"content":{"rendered":"\t\t<div data-elementor-type=\"wp-page\" data-elementor-id=\"8504\" class=\"elementor elementor-8504\">\n\t\t\t\t\t\t<section class=\"elementor-section elementor-top-section elementor-element elementor-element-c75d26d elementor-section-boxed elementor-section-height-default elementor-section-height-default wd-section-disabled\" data-id=\"c75d26d\" data-element_type=\"section\">\n\t\t\t\t\t\t<div class=\"elementor-container elementor-column-gap-default\">\n\t\t\t\t\t<div class=\"elementor-column elementor-col-100 elementor-top-column elementor-element elementor-element-63c612c\" data-id=\"63c612c\" data-element_type=\"column\">\n\t\t\t<div class=\"elementor-widget-wrap elementor-element-populated\">\n\t\t\t\t\t\t<div class=\"elementor-element elementor-element-2c43ee6 elementor-widget elementor-widget-wd_title\" data-id=\"2c43ee6\" data-element_type=\"widget\" data-widget_type=\"wd_title.default\">\n\t\t\t\t<div class=\"elementor-widget-container\">\n\t\t\t\t\t\t\t<div class=\"title-wrapper set-mb-s reset-last-child wd-title-color-default wd-title-style-default wd-title-size-large text-center\">\n\n\t\t\t\t\t\t\t<div class=\"title-subtitle subtitle-color-default subtitle-style-default wd-fontsize-xs\">\n\t\t\t\t\tCORB\u00c1RIO\t\t\t\t<\/div>\n\t\t\t\n\t\t\t<div class=\"liner-continer\">\n\t\t\t\t<h2 class=\"woodmart-title-container title wd-fontsize-xxl\">Looking for somewhere you can be proud to work?<\/h2> \n\t\t\t\t\t\t\t<\/div>\n\n\t\t\t\t\t\t\t<div class=\"title-after_title set-cont-mb-s reset-last-child wd-fontsize-s\">\n\t\t\t\t\t<p>At Cob\u00e1rio we develop our mining activities to improve people\u2019s lives through everything we do: from how we extract our minerals to how we treat our communities and our people.<\/p>\t\t\t\t<\/div>\n\t\t\t\t\t<\/div>\n\t\t\t\t\t\t<\/div>\n\t\t\t\t<\/div>\n\t\t\t\t\t<\/div>\n\t\t<\/div>\n\t\t\t\t\t<\/div>\n\t\t<\/section>\n\t\t\t\t<section class=\"elementor-section elementor-top-section elementor-element elementor-element-aee97fb elementor-section-boxed elementor-section-height-default elementor-section-height-default wd-section-disabled\" data-id=\"aee97fb\" data-element_type=\"section\">\n\t\t\t\t\t\t<div class=\"elementor-container elementor-column-gap-default\">\n\t\t\t\t\t<div class=\"elementor-column elementor-col-16 elementor-top-column elementor-element elementor-element-4e86d88\" data-id=\"4e86d88\" data-element_type=\"column\">\n\t\t\t<div class=\"elementor-widget-wrap\">\n\t\t\t\t\t\t\t<\/div>\n\t\t<\/div>\n\t\t\t\t<div class=\"elementor-column elementor-col-66 elementor-top-column elementor-element elementor-element-1cfc9bf\" data-id=\"1cfc9bf\" data-element_type=\"column\">\n\t\t\t<div class=\"elementor-widget-wrap elementor-element-populated\">\n\t\t\t\t\t\t<div class=\"elementor-element elementor-element-c208e4f elementor-widget elementor-widget-wd_image_or_svg\" data-id=\"c208e4f\" data-element_type=\"widget\" data-widget_type=\"wd_image_or_svg.default\">\n\t\t\t\t<div class=\"elementor-widget-container\">\n\t\t\t\t\t\n\t\t<div class=\"wd-image text-center\">\n\t\t\t\t\t\t\t\t<img fetchpriority=\"high\" decoding=\"async\" width=\"1260\" height=\"1160\" src=\"https:\/\/corbario.com\/wp-content\/uploads\/2022\/07\/corbario2.webp\" class=\"attachment-full size-full wp-image-10434\" alt=\"\" srcset=\"https:\/\/corbario.com\/wp-content\/uploads\/2022\/07\/corbario2.webp 1260w, https:\/\/corbario.com\/wp-content\/uploads\/2022\/07\/corbario2-430x396.webp 430w, https:\/\/corbario.com\/wp-content\/uploads\/2022\/07\/corbario2-150x138.webp 150w, https:\/\/corbario.com\/wp-content\/uploads\/2022\/07\/corbario2-700x644.webp 700w, https:\/\/corbario.com\/wp-content\/uploads\/2022\/07\/corbario2-326x300.webp 326w, https:\/\/corbario.com\/wp-content\/uploads\/2022\/07\/corbario2-869x800.webp 869w, https:\/\/corbario.com\/wp-content\/uploads\/2022\/07\/corbario2-768x707.webp 768w, https:\/\/corbario.com\/wp-content\/uploads\/2022\/07\/corbario2-860x792.webp 860w\" sizes=\"(max-width: 1260px) 100vw, 1260px\" \/>\t\t\t\t\t<\/div>\n\n\t\t\t\t\t\t<\/div>\n\t\t\t\t<\/div>\n\t\t\t\t\t<\/div>\n\t\t<\/div>\n\t\t\t\t<div class=\"elementor-column elementor-col-16 elementor-top-column elementor-element elementor-element-ea22957\" data-id=\"ea22957\" data-element_type=\"column\">\n\t\t\t<div class=\"elementor-widget-wrap\">\n\t\t\t\t\t\t\t<\/div>\n\t\t<\/div>\n\t\t\t\t\t<\/div>\n\t\t<\/section>\n\t\t\t\t<section class=\"elementor-section elementor-top-section elementor-element elementor-element-d1f26c4 elementor-section-boxed elementor-section-height-default elementor-section-height-default wd-section-disabled\" data-id=\"d1f26c4\" data-element_type=\"section\">\n\t\t\t\t\t\t<div class=\"elementor-container elementor-column-gap-default\">\n\t\t\t\t\t<div class=\"elementor-column elementor-col-100 elementor-top-column elementor-element elementor-element-ff6a555\" data-id=\"ff6a555\" data-element_type=\"column\">\n\t\t\t<div class=\"elementor-widget-wrap elementor-element-populated\">\n\t\t\t\t\t\t<div class=\"elementor-element elementor-element-4fb395b elementor-widget elementor-widget-wd_title\" data-id=\"4fb395b\" data-element_type=\"widget\" data-widget_type=\"wd_title.default\">\n\t\t\t\t<div class=\"elementor-widget-container\">\n\t\t\t\t\t\t\t<div class=\"title-wrapper set-mb-s reset-last-child wd-title-color-default wd-title-style-default wd-title-size-large text-center\">\n\n\t\t\t\n\t\t\t<div class=\"liner-continer\">\n\t\t\t\t<h2 class=\"woodmart-title-container title wd-fontsize-xxl\"><\/h2> \n\t\t\t\t\t\t\t<\/div>\n\n\t\t\t\t\t\t\t<div class=\"title-after_title set-cont-mb-s reset-last-child wd-fontsize-s\">\n\t\t\t\t\t<p>Do you want to be part of something big? Are you looking to grow your career while creating products that help society grow and customers thrive? Do you seek a workplace that fosters a spirit of innovation and independence?<\/p><br \/>\n<p><strong>Check out our opportunities.<\/strong><\/p>\t\t\t\t<\/div>\n\t\t\t\t\t<\/div>\n\t\t\t\t\t\t<\/div>\n\t\t\t\t<\/div>\n\t\t\t\t\t<\/div>\n\t\t<\/div>\n\t\t\t\t\t<\/div>\n\t\t<\/section>\n\t\t\t\t<section class=\"elementor-section elementor-top-section elementor-element elementor-element-2364cde elementor-section-full_width wd-section-stretch-content elementor-section-content-bottom elementor-section-height-default elementor-section-height-default\" data-id=\"2364cde\" data-element_type=\"section\">\n\t\t\t\t\t\t<div class=\"elementor-container elementor-column-gap-no\">\n\t\t\t\t\t<div class=\"elementor-column elementor-col-100 elementor-top-column elementor-element elementor-element-8a5c9ba\" data-id=\"8a5c9ba\" data-element_type=\"column\">\n\t\t\t<div class=\"elementor-widget-wrap elementor-element-populated\">\n\t\t\t\t\t\t<div class=\"elementor-element elementor-element-fb0e08b elementor-widget elementor-widget-wd_image_or_svg\" data-id=\"fb0e08b\" data-element_type=\"widget\" data-widget_type=\"wd_image_or_svg.default\">\n\t\t\t\t<div class=\"elementor-widget-container\">\n\t\t\t\t\t\n\t\t<div class=\"wd-image text-center\">\n\t\t\t\t\t\t\t\t<img decoding=\"async\" width=\"1920\" height=\"1080\" src=\"https:\/\/corbario.com\/wp-content\/uploads\/2022\/07\/careers1.webp\" class=\"attachment-full size-full wp-image-10430\" alt=\"\" srcset=\"https:\/\/corbario.com\/wp-content\/uploads\/2022\/07\/careers1.webp 1920w, https:\/\/corbario.com\/wp-content\/uploads\/2022\/07\/careers1-430x242.webp 430w, https:\/\/corbario.com\/wp-content\/uploads\/2022\/07\/careers1-150x84.webp 150w, https:\/\/corbario.com\/wp-content\/uploads\/2022\/07\/careers1-700x394.webp 700w, https:\/\/corbario.com\/wp-content\/uploads\/2022\/07\/careers1-400x225.webp 400w, https:\/\/corbario.com\/wp-content\/uploads\/2022\/07\/careers1-1300x731.webp 1300w, https:\/\/corbario.com\/wp-content\/uploads\/2022\/07\/careers1-768x432.webp 768w, https:\/\/corbario.com\/wp-content\/uploads\/2022\/07\/careers1-1536x864.webp 1536w, https:\/\/corbario.com\/wp-content\/uploads\/2022\/07\/careers1-860x484.webp 860w\" sizes=\"(max-width: 1920px) 100vw, 1920px\" \/>\t\t\t\t\t<\/div>\n\n\t\t\t\t\t\t<\/div>\n\t\t\t\t<\/div>\n\t\t\t\t\t<\/div>\n\t\t<\/div>\n\t\t\t\t\t<\/div>\n\t\t<\/section>\n\t\t\t\t<section class=\"elementor-section elementor-top-section elementor-element elementor-element-a5d9a30 elementor-section-full_width wd-section-stretch elementor-section-height-default elementor-section-height-default\" data-id=\"a5d9a30\" data-element_type=\"section\" data-settings=\"{&quot;background_background&quot;:&quot;gradient&quot;}\">\n\t\t\t\t\t\t<div class=\"elementor-container elementor-column-gap-default\">\n\t\t\t\t\t<div class=\"elementor-column elementor-col-100 elementor-top-column elementor-element elementor-element-6d13b22\" data-id=\"6d13b22\" data-element_type=\"column\">\n\t\t\t<div class=\"elementor-widget-wrap elementor-element-populated\">\n\t\t\t\t\t\t<div class=\"elementor-element elementor-element-0dee956 elementor-widget elementor-widget-wd_title\" data-id=\"0dee956\" data-element_type=\"widget\" data-widget_type=\"wd_title.default\">\n\t\t\t\t<div class=\"elementor-widget-container\">\n\t\t\t\t\t\t\t<div class=\"title-wrapper set-mb-s reset-last-child wd-title-color-default wd-title-style-default wd-title-size-large text-left\">\n\n\t\t\t\t\t\t\t<div class=\"title-subtitle subtitle-color-default subtitle-style-default wd-fontsize-xs\">\n\t\t\t\t\tAVAILABLE OPPORTUNITIES\t\t\t\t<\/div>\n\t\t\t\n\t\t\t<div class=\"liner-continer\">\n\t\t\t\t<h2 class=\"woodmart-title-container title wd-fontsize-xxl\">Corb\u00e1rio is the right place for you<\/h2> \n\t\t\t\t\t\t\t<\/div>\n\n\t\t\t\t\t\t\t<div class=\"title-after_title set-cont-mb-s reset-last-child wd-fontsize-s\">\n\t\t\t\t\t<p>Apply for a new career and join Corb\u00e1rio team!<\/p>\t\t\t\t<\/div>\n\t\t\t\t\t<\/div>\n\t\t\t\t\t\t<\/div>\n\t\t\t\t<\/div>\n\t\t\t\t<div class=\"elementor-element elementor-element-4021a05 elementor-widget elementor-widget-toggle\" data-id=\"4021a05\" data-element_type=\"widget\" data-widget_type=\"toggle.default\">\n\t\t\t\t<div class=\"elementor-widget-container\">\n\t\t\t\t\t\t\t<div class=\"elementor-toggle\">\n\t\t\t\t\t\t\t<div class=\"elementor-toggle-item\">\n\t\t\t\t\t<div id=\"elementor-tab-title-6721\" class=\"elementor-tab-title\" data-tab=\"1\" role=\"button\" aria-controls=\"elementor-tab-content-6721\" aria-expanded=\"false\">\n\t\t\t\t\t\t\t\t\t\t\t\t<span class=\"elementor-toggle-icon elementor-toggle-icon-right\" aria-hidden=\"true\">\n\t\t\t\t\t\t\t\t\t\t\t\t\t\t\t<span class=\"elementor-toggle-icon-closed\"><i class=\"fas fa-chevron-down\"><\/i><\/span>\n\t\t\t\t\t\t\t\t<span class=\"elementor-toggle-icon-opened\"><i class=\"elementor-toggle-icon-opened fas fa-chevron-up\"><\/i><\/span>\n\t\t\t\t\t\t\t\t\t\t\t\t\t<\/span>\n\t\t\t\t\t\t\t\t\t\t\t\t<a class=\"elementor-toggle-title\" tabindex=\"0\">SPONTANEOUS APPLICATION<\/a>\n\t\t\t\t\t<\/div>\n\n\t\t\t\t\t<div id=\"elementor-tab-content-6721\" class=\"elementor-tab-content elementor-clearfix\" data-tab=\"1\" role=\"region\" aria-labelledby=\"elementor-tab-title-6721\"><p>If none of our current vacancies fit your skills profile, you can send us your spontaneous application to <a href=\"mailto:geral@corbario.com\">geral@corbario.com<\/a>.<\/p><\/div>\n\t\t\t\t<\/div>\n\t\t\t\t\t\t\t\t<\/div>\n\t\t\t\t\t\t<\/div>\n\t\t\t\t<\/div>\n\t\t\t\t\t<\/div>\n\t\t<\/div>\n\t\t\t\t\t<\/div>\n\t\t<\/section>\n\t\t\t\t<\/div>\n\t\t","protected":false},"excerpt":{"rendered":"<p>CORB\u00c1RIO Looking for somewhere you can be proud to work? At Cob\u00e1rio we develop our mining activities to improve people\u2019s<\/p>\n","protected":false},"author":3,"featured_media":0,"parent":0,"menu_order":0,"comment_status":"closed","ping_status":"closed","template":"","meta":{"_monsterinsights_skip_tracking":false,"_monsterinsights_sitenote_active":false,"_monsterinsights_sitenote_note":"","_monsterinsights_sitenote_category":0,"footnotes":""},"class_list":["post-8504","page","type-page","status-publish","hentry"],"yoast_head":"<!-- This site is optimized with the Yoast SEO plugin v25.5 - https:\/\/yoast.com\/wordpress\/plugins\/seo\/ -->\n<title>Careers - Corb\u00e1rio<\/title>\n<meta name=\"robots\" content=\"index, follow, max-snippet:-1, max-image-preview:large, max-video-preview:-1\" \/>\n<link rel=\"canonical\" href=\"https:\/\/corbario.com\/en\/careers\/\" \/>\n<meta property=\"og:locale\" content=\"en_US\" \/>\n<meta property=\"og:type\" content=\"article\" \/>\n<meta property=\"og:title\" content=\"Careers - Corb\u00e1rio\" \/>\n<meta property=\"og:description\" content=\"CORB\u00c1RIO Looking for somewhere you can be proud to work? At Cob\u00e1rio we develop our mining activities to improve people\u2019s\" \/>\n<meta property=\"og:url\" content=\"https:\/\/corbario.com\/en\/careers\/\" \/>\n<meta property=\"og:site_name\" content=\"Corb\u00e1rio\" \/>\n<meta property=\"article:modified_time\" content=\"2022-07-22T13:41:40+00:00\" \/>\n<meta property=\"og:image\" content=\"https:\/\/corbario.com\/wp-content\/uploads\/2022\/07\/corbario2.webp\" \/>\n<meta name=\"twitter:card\" content=\"summary_large_image\" \/>\n<meta name=\"twitter:label1\" content=\"Est. reading time\" \/>\n\t<meta name=\"twitter:data1\" content=\"1 minute\" \/>\n<script type=\"application\/ld+json\" class=\"yoast-schema-graph\">{\"@context\":\"https:\/\/schema.org\",\"@graph\":[{\"@type\":\"WebPage\",\"@id\":\"https:\/\/corbario.com\/en\/careers\/\",\"url\":\"https:\/\/corbario.com\/en\/careers\/\",\"name\":\"Careers - Corb\u00e1rio\",\"isPartOf\":{\"@id\":\"https:\/\/corbario.com\/en\/#website\"},\"primaryImageOfPage\":{\"@id\":\"https:\/\/corbario.com\/en\/careers\/#primaryimage\"},\"image\":{\"@id\":\"https:\/\/corbario.com\/en\/careers\/#primaryimage\"},\"thumbnailUrl\":\"https:\/\/corbario.com\/wp-content\/uploads\/2022\/07\/corbario2.webp\",\"datePublished\":\"2022-06-09T13:27:54+00:00\",\"dateModified\":\"2022-07-22T13:41:40+00:00\",\"breadcrumb\":{\"@id\":\"https:\/\/corbario.com\/en\/careers\/#breadcrumb\"},\"inLanguage\":\"en-US\",\"potentialAction\":[{\"@type\":\"ReadAction\",\"target\":[\"https:\/\/corbario.com\/en\/careers\/\"]}]},{\"@type\":\"ImageObject\",\"inLanguage\":\"en-US\",\"@id\":\"https:\/\/corbario.com\/en\/careers\/#primaryimage\",\"url\":\"https:\/\/corbario.com\/wp-content\/uploads\/2022\/07\/corbario2.webp\",\"contentUrl\":\"https:\/\/corbario.com\/wp-content\/uploads\/2022\/07\/corbario2.webp\"},{\"@type\":\"BreadcrumbList\",\"@id\":\"https:\/\/corbario.com\/en\/careers\/#breadcrumb\",\"itemListElement\":[{\"@type\":\"ListItem\",\"position\":1,\"name\":\"In\u00edcio\",\"item\":\"https:\/\/corbario.com\/en\/\"},{\"@type\":\"ListItem\",\"position\":2,\"name\":\"Careers\"}]},{\"@type\":\"WebSite\",\"@id\":\"https:\/\/corbario.com\/en\/#website\",\"url\":\"https:\/\/corbario.com\/en\/\",\"name\":\"Corb\u00e1rio - Extra\u00e7\u00e3o e Transforma\u00e7\u00e3o de Min\u00e9rios\",\"description\":\"A Portuguese based mining company with a diversed range of products\",\"publisher\":{\"@id\":\"https:\/\/corbario.com\/en\/#organization\"},\"potentialAction\":[{\"@type\":\"SearchAction\",\"target\":{\"@type\":\"EntryPoint\",\"urlTemplate\":\"https:\/\/corbario.com\/en\/?s={search_term_string}\"},\"query-input\":{\"@type\":\"PropertyValueSpecification\",\"valueRequired\":true,\"valueName\":\"search_term_string\"}}],\"inLanguage\":\"en-US\"},{\"@type\":\"Organization\",\"@id\":\"https:\/\/corbario.com\/en\/#organization\",\"name\":\"Corb\u00e1rio - Extra\u00e7\u00e3o e Transforma\u00e7\u00e3o de Min\u00e9rios\",\"url\":\"https:\/\/corbario.com\/en\/\",\"logo\":{\"@type\":\"ImageObject\",\"inLanguage\":\"en-US\",\"@id\":\"https:\/\/corbario.com\/en\/#\/schema\/logo\/image\/\",\"url\":\"https:\/\/corbario.com\/wp-content\/uploads\/2022\/06\/logo-corbario-cores.svg\",\"contentUrl\":\"https:\/\/corbario.com\/wp-content\/uploads\/2022\/06\/logo-corbario-cores.svg\",\"width\":695,\"height\":221,\"caption\":\"Corb\u00e1rio - Extra\u00e7\u00e3o e Transforma\u00e7\u00e3o de Min\u00e9rios\"},\"image\":{\"@id\":\"https:\/\/corbario.com\/en\/#\/schema\/logo\/image\/\"}}]}<\/script>\n<!-- \/ Yoast SEO plugin. -->","yoast_head_json":{"title":"Careers - Corb\u00e1rio","robots":{"index":"index","follow":"follow","max-snippet":"max-snippet:-1","max-image-preview":"max-image-preview:large","max-video-preview":"max-video-preview:-1"},"canonical":"https:\/\/corbario.com\/en\/careers\/","og_locale":"en_US","og_type":"article","og_title":"Careers - Corb\u00e1rio","og_description":"CORB\u00c1RIO Looking for somewhere you can be proud to work? At Cob\u00e1rio we develop our mining activities to improve people\u2019s","og_url":"https:\/\/corbario.com\/en\/careers\/","og_site_name":"Corb\u00e1rio","article_modified_time":"2022-07-22T13:41:40+00:00","og_image":[{"url":"https:\/\/corbario.com\/wp-content\/uploads\/2022\/07\/corbario2.webp","type":"","width":"","height":""}],"twitter_card":"summary_large_image","twitter_misc":{"Est. reading time":"1 minute"},"schema":{"@context":"https:\/\/schema.org","@graph":[{"@type":"WebPage","@id":"https:\/\/corbario.com\/en\/careers\/","url":"https:\/\/corbario.com\/en\/careers\/","name":"Careers - Corb\u00e1rio","isPartOf":{"@id":"https:\/\/corbario.com\/en\/#website"},"primaryImageOfPage":{"@id":"https:\/\/corbario.com\/en\/careers\/#primaryimage"},"image":{"@id":"https:\/\/corbario.com\/en\/careers\/#primaryimage"},"thumbnailUrl":"https:\/\/corbario.com\/wp-content\/uploads\/2022\/07\/corbario2.webp","datePublished":"2022-06-09T13:27:54+00:00","dateModified":"2022-07-22T13:41:40+00:00","breadcrumb":{"@id":"https:\/\/corbario.com\/en\/careers\/#breadcrumb"},"inLanguage":"en-US","potentialAction":[{"@type":"ReadAction","target":["https:\/\/corbario.com\/en\/careers\/"]}]},{"@type":"ImageObject","inLanguage":"en-US","@id":"https:\/\/corbario.com\/en\/careers\/#primaryimage","url":"https:\/\/corbario.com\/wp-content\/uploads\/2022\/07\/corbario2.webp","contentUrl":"https:\/\/corbario.com\/wp-content\/uploads\/2022\/07\/corbario2.webp"},{"@type":"BreadcrumbList","@id":"https:\/\/corbario.com\/en\/careers\/#breadcrumb","itemListElement":[{"@type":"ListItem","position":1,"name":"In\u00edcio","item":"https:\/\/corbario.com\/en\/"},{"@type":"ListItem","position":2,"name":"Careers"}]},{"@type":"WebSite","@id":"https:\/\/corbario.com\/en\/#website","url":"https:\/\/corbario.com\/en\/","name":"Corb\u00e1rio - Extra\u00e7\u00e3o e Transforma\u00e7\u00e3o de Min\u00e9rios","description":"A Portuguese based mining company with a diversed range of products","publisher":{"@id":"https:\/\/corbario.com\/en\/#organization"},"potentialAction":[{"@type":"SearchAction","target":{"@type":"EntryPoint","urlTemplate":"https:\/\/corbario.com\/en\/?s={search_term_string}"},"query-input":{"@type":"PropertyValueSpecification","valueRequired":true,"valueName":"search_term_string"}}],"inLanguage":"en-US"},{"@type":"Organization","@id":"https:\/\/corbario.com\/en\/#organization","name":"Corb\u00e1rio - Extra\u00e7\u00e3o e Transforma\u00e7\u00e3o de Min\u00e9rios","url":"https:\/\/corbario.com\/en\/","logo":{"@type":"ImageObject","inLanguage":"en-US","@id":"https:\/\/corbario.com\/en\/#\/schema\/logo\/image\/","url":"https:\/\/corbario.com\/wp-content\/uploads\/2022\/06\/logo-corbario-cores.svg","contentUrl":"https:\/\/corbario.com\/wp-content\/uploads\/2022\/06\/logo-corbario-cores.svg","width":695,"height":221,"caption":"Corb\u00e1rio - Extra\u00e7\u00e3o e Transforma\u00e7\u00e3o de Min\u00e9rios"},"image":{"@id":"https:\/\/corbario.com\/en\/#\/schema\/logo\/image\/"}}]}},"_links":{"self":[{"href":"https:\/\/corbario.com\/en\/wp-json\/wp\/v2\/pages\/8504","targetHints":{"allow":["GET"]}}],"collection":[{"href":"https:\/\/corbario.com\/en\/wp-json\/wp\/v2\/pages"}],"about":[{"href":"https:\/\/corbario.com\/en\/wp-json\/wp\/v2\/types\/page"}],"author":[{"embeddable":true,"href":"https:\/\/corbario.com\/en\/wp-json\/wp\/v2\/users\/3"}],"replies":[{"embeddable":true,"href":"https:\/\/corbario.com\/en\/wp-json\/wp\/v2\/comments?post=8504"}],"version-history":[{"count":130,"href":"https:\/\/corbario.com\/en\/wp-json\/wp\/v2\/pages\/8504\/revisions"}],"predecessor-version":[{"id":10497,"href":"https:\/\/corbario.com\/en\/wp-json\/wp\/v2\/pages\/8504\/revisions\/10497"}],"wp:attachment":[{"href":"https:\/\/corbario.com\/en\/wp-json\/wp\/v2\/media?parent=8504"}],"curies":[{"name":"wp","href":"https:\/\/api.w.org\/{rel}","templated":true}]}}