{"id":9351,"date":"2022-06-15T11:18:10","date_gmt":"2022-06-15T11:18:10","guid":{"rendered":"https:\/\/corbario.digital-terroirs.com\/?page_id=9351"},"modified":"2022-06-20T09:46:48","modified_gmt":"2022-06-20T09:46:48","slug":"companies","status":"publish","type":"page","link":"https:\/\/corbario.com\/en\/companies\/","title":{"rendered":"Companies"},"content":{"rendered":"\t\t<div data-elementor-type=\"wp-page\" data-elementor-id=\"9351\" class=\"elementor elementor-9351\">\n\t\t\t\t\t\t<section class=\"elementor-section elementor-top-section elementor-element elementor-element-40e67e5 elementor-section-boxed elementor-section-height-default elementor-section-height-default wd-section-disabled\" data-id=\"40e67e5\" data-element_type=\"section\">\n\t\t\t\t\t\t<div class=\"elementor-container elementor-column-gap-no\">\n\t\t\t\t\t<div class=\"elementor-column elementor-col-100 elementor-top-column elementor-element elementor-element-8caf976\" data-id=\"8caf976\" data-element_type=\"column\">\n\t\t\t<div class=\"elementor-widget-wrap elementor-element-populated\">\n\t\t\t\t\t\t<div class=\"elementor-element elementor-element-4bc124e elementor-widget elementor-widget-wd_title\" data-id=\"4bc124e\" data-element_type=\"widget\" data-widget_type=\"wd_title.default\">\n\t\t\t\t<div class=\"elementor-widget-container\">\n\t\t\t\t\t\t\t<div class=\"title-wrapper set-mb-s reset-last-child wd-title-color-default wd-title-style-default wd-title-size-default text-center\">\n\n\t\t\t\t\t\t\t<div class=\"title-subtitle subtitle-color-default subtitle-style-default wd-fontsize-xs\">\n\t\t\t\t\tCORB\u00c1RIO\t\t\t\t<\/div>\n\t\t\t\n\t\t\t<div class=\"liner-continer\">\n\t\t\t\t<h4 class=\"woodmart-title-container title wd-fontsize-l\">Extraction and Transformation of Raw Materials<\/h4> \n\t\t\t\t\t\t\t<\/div>\n\n\t\t\t\t\t\t\t<div class=\"title-after_title set-cont-mb-s reset-last-child wd-fontsize-xs\">\n\t\t\t\t\tLorem ipsum dolor sit amet, consectetur adipiscing elit, sed do eiusmod tempor incididunt ut labore et dolore magna aliqua. Ut enim ad minim veniam, quis nostrud exercitation ullamco laboris nisi ut aliquip ex ea commodo consequat. Duis aute irure dolor in reprehenderit in voluptate velit esse cillum dolore eu fugiat nulla pariatur. \t\t\t\t<\/div>\n\t\t\t\t\t<\/div>\n\t\t\t\t\t\t<\/div>\n\t\t\t\t<\/div>\n\t\t\t\t\t<\/div>\n\t\t<\/div>\n\t\t\t\t\t<\/div>\n\t\t<\/section>\n\t\t\t\t<section class=\"elementor-section elementor-top-section elementor-element elementor-element-33aa363 elementor-section-full_width wd-section-stretch-content elementor-section-height-default elementor-section-height-default\" data-id=\"33aa363\" data-element_type=\"section\" data-settings=\"{&quot;background_background&quot;:&quot;classic&quot;}\">\n\t\t\t\t\t\t<div class=\"elementor-container elementor-column-gap-default\">\n\t\t\t\t\t<div class=\"elementor-column elementor-col-100 elementor-top-column elementor-element elementor-element-7322431\" data-id=\"7322431\" data-element_type=\"column\">\n\t\t\t<div class=\"elementor-widget-wrap elementor-element-populated\">\n\t\t\t\t\t\t<div class=\"elementor-element elementor-element-0450c08 elementor-tabs-alignment-stretch elementor-widget__width-inherit company-tabs elementor-tabs-view-horizontal elementor-widget elementor-widget-tabs\" data-id=\"0450c08\" data-element_type=\"widget\" data-widget_type=\"tabs.default\">\n\t\t\t\t<div class=\"elementor-widget-container\">\n\t\t\t\t\t\t\t<div class=\"elementor-tabs\">\n\t\t\t<div class=\"elementor-tabs-wrapper\" role=\"tablist\" >\n\t\t\t\t\t\t\t\t\t<div id=\"elementor-tab-title-4521\" class=\"elementor-tab-title elementor-tab-desktop-title\" aria-selected=\"true\" data-tab=\"1\" role=\"tab\" tabindex=\"0\" aria-controls=\"elementor-tab-content-4521\" aria-expanded=\"false\">Company #1<\/div>\n\t\t\t\t\t\t\t\t\t<div id=\"elementor-tab-title-4522\" class=\"elementor-tab-title elementor-tab-desktop-title\" aria-selected=\"false\" data-tab=\"2\" role=\"tab\" tabindex=\"-1\" aria-controls=\"elementor-tab-content-4522\" aria-expanded=\"false\">Company #2<\/div>\n\t\t\t\t\t\t\t\t\t<div id=\"elementor-tab-title-4523\" class=\"elementor-tab-title elementor-tab-desktop-title\" aria-selected=\"false\" data-tab=\"3\" role=\"tab\" tabindex=\"-1\" aria-controls=\"elementor-tab-content-4523\" aria-expanded=\"false\">Company #3<\/div>\n\t\t\t\t\t\t\t\t\t<div id=\"elementor-tab-title-4524\" class=\"elementor-tab-title elementor-tab-desktop-title\" aria-selected=\"false\" data-tab=\"4\" role=\"tab\" tabindex=\"-1\" aria-controls=\"elementor-tab-content-4524\" aria-expanded=\"false\">Company #4<\/div>\n\t\t\t\t\t\t\t\t\t<div id=\"elementor-tab-title-4525\" class=\"elementor-tab-title elementor-tab-desktop-title\" aria-selected=\"false\" data-tab=\"5\" role=\"tab\" tabindex=\"-1\" aria-controls=\"elementor-tab-content-4525\" aria-expanded=\"false\">Company #5<\/div>\n\t\t\t\t\t\t\t<\/div>\n\t\t\t<div class=\"elementor-tabs-content-wrapper\" role=\"tablist\" aria-orientation=\"vertical\">\n\t\t\t\t\t\t\t\t\t<div class=\"elementor-tab-title elementor-tab-mobile-title\" aria-selected=\"true\" data-tab=\"1\" role=\"tab\" tabindex=\"0\" aria-controls=\"elementor-tab-content-4521\" aria-expanded=\"false\">Company #1<\/div>\n\t\t\t\t\t<div id=\"elementor-tab-content-4521\" class=\"elementor-tab-content elementor-clearfix\" data-tab=\"1\" role=\"tabpanel\" aria-labelledby=\"elementor-tab-title-4521\" tabindex=\"0\" hidden=\"false\">Lorem ipsum dolor sit amet, consectetur adipiscing elit. Ut elit tellus, luctus nec ullamcorper mattis, pulvinar dapibus leo.<\/div>\n\t\t\t\t\t\t\t\t\t<div class=\"elementor-tab-title elementor-tab-mobile-title\" aria-selected=\"false\" data-tab=\"2\" role=\"tab\" tabindex=\"-1\" aria-controls=\"elementor-tab-content-4522\" aria-expanded=\"false\">Company #2<\/div>\n\t\t\t\t\t<div id=\"elementor-tab-content-4522\" class=\"elementor-tab-content elementor-clearfix\" data-tab=\"2\" role=\"tabpanel\" aria-labelledby=\"elementor-tab-title-4522\" tabindex=\"0\" hidden=\"hidden\">Lorem ipsum dolor sit amet, consectetur adipiscing elit. Ut elit tellus, luctus nec ullamcorper mattis, pulvinar dapibus leo.<\/div>\n\t\t\t\t\t\t\t\t\t<div class=\"elementor-tab-title elementor-tab-mobile-title\" aria-selected=\"false\" data-tab=\"3\" role=\"tab\" tabindex=\"-1\" aria-controls=\"elementor-tab-content-4523\" aria-expanded=\"false\">Company #3<\/div>\n\t\t\t\t\t<div id=\"elementor-tab-content-4523\" class=\"elementor-tab-content elementor-clearfix\" data-tab=\"3\" role=\"tabpanel\" aria-labelledby=\"elementor-tab-title-4523\" tabindex=\"0\" hidden=\"hidden\">Lorem ipsum dolor sit amet, consectetur adipiscing elit. Ut elit tellus, luctus nec ullamcorper mattis, pulvinar dapibus leo.<\/div>\n\t\t\t\t\t\t\t\t\t<div class=\"elementor-tab-title elementor-tab-mobile-title\" aria-selected=\"false\" data-tab=\"4\" role=\"tab\" tabindex=\"-1\" aria-controls=\"elementor-tab-content-4524\" aria-expanded=\"false\">Company #4<\/div>\n\t\t\t\t\t<div id=\"elementor-tab-content-4524\" class=\"elementor-tab-content elementor-clearfix\" data-tab=\"4\" role=\"tabpanel\" aria-labelledby=\"elementor-tab-title-4524\" tabindex=\"0\" hidden=\"hidden\">Lorem ipsum dolor sit amet, consectetur adipiscing elit. Ut elit tellus, luctus nec ullamcorper mattis, pulvinar dapibus leo.<\/div>\n\t\t\t\t\t\t\t\t\t<div class=\"elementor-tab-title elementor-tab-mobile-title\" aria-selected=\"false\" data-tab=\"5\" role=\"tab\" tabindex=\"-1\" aria-controls=\"elementor-tab-content-4525\" aria-expanded=\"false\">Company #5<\/div>\n\t\t\t\t\t<div id=\"elementor-tab-content-4525\" class=\"elementor-tab-content elementor-clearfix\" data-tab=\"5\" role=\"tabpanel\" aria-labelledby=\"elementor-tab-title-4525\" tabindex=\"0\" hidden=\"hidden\">Lorem ipsum dolor sit amet, consectetur adipiscing elit. Ut elit tellus, luctus nec ullamcorper mattis, pulvinar dapibus leo.<\/div>\n\t\t\t\t\t\t\t<\/div>\n\t\t<\/div>\n\t\t\t\t\t\t<\/div>\n\t\t\t\t<\/div>\n\t\t\t\t\t<\/div>\n\t\t<\/div>\n\t\t\t\t\t<\/div>\n\t\t<\/section>\n\t\t\t\t<section class=\"elementor-section elementor-top-section elementor-element elementor-element-17d694e elementor-section-boxed elementor-section-height-default elementor-section-height-default wd-section-disabled\" data-id=\"17d694e\" data-element_type=\"section\">\n\t\t\t\t\t\t<div class=\"elementor-container elementor-column-gap-default\">\n\t\t\t\t\t<div class=\"elementor-column elementor-col-25 elementor-top-column elementor-element elementor-element-54099a1\" data-id=\"54099a1\" data-element_type=\"column\">\n\t\t\t<div class=\"elementor-widget-wrap\">\n\t\t\t\t\t\t\t<\/div>\n\t\t<\/div>\n\t\t\t\t<div class=\"elementor-column elementor-col-50 elementor-top-column elementor-element elementor-element-408a4c0\" data-id=\"408a4c0\" data-element_type=\"column\">\n\t\t\t<div class=\"elementor-widget-wrap elementor-element-populated\">\n\t\t\t\t\t\t<div class=\"elementor-element elementor-element-306be65 elementor-widget elementor-widget-wd_title\" data-id=\"306be65\" data-element_type=\"widget\" data-widget_type=\"wd_title.default\">\n\t\t\t\t<div class=\"elementor-widget-container\">\n\t\t\t\t\t\t\t<div class=\"title-wrapper set-mb-s reset-last-child wd-title-color-default wd-title-style-default wd-title-size-default text-center\">\n\n\t\t\t\t\t\t\t<div class=\"title-subtitle subtitle-color-default subtitle-style-default wd-fontsize-xs\">\n\t\t\t\t\tLOREM IPSUM\t\t\t\t<\/div>\n\t\t\t\n\t\t\t<div class=\"liner-continer\">\n\t\t\t\t<h4 class=\"woodmart-title-container title wd-fontsize-l\"><\/h4> \n\t\t\t\t\t\t\t<\/div>\n\n\t\t\t\t\t\t\t<div class=\"title-after_title set-cont-mb-s reset-last-child wd-fontsize-xs\">\n\t\t\t\t\tLorem ipsum dolor sit amet, consectetur adipiscing elit, sed do eiusmod tempor incididunt ut labore et dolore magna aliqua. Ut enim ad minim veniam, quis nostrud exercitation ullamco laboris nisi ut aliquip ex ea commodo consequat. Duis aute irure dolor in reprehenderit in voluptate velit esse cillum dolore eu fugiat nulla pariatur. \t\t\t\t<\/div>\n\t\t\t\t\t<\/div>\n\t\t\t\t\t\t<\/div>\n\t\t\t\t<\/div>\n\t\t\t\t\t<\/div>\n\t\t<\/div>\n\t\t\t\t<div class=\"elementor-column elementor-col-25 elementor-top-column elementor-element elementor-element-d4debd8\" data-id=\"d4debd8\" data-element_type=\"column\">\n\t\t\t<div class=\"elementor-widget-wrap\">\n\t\t\t\t\t\t\t<\/div>\n\t\t<\/div>\n\t\t\t\t\t<\/div>\n\t\t<\/section>\n\t\t\t\t<\/div>\n\t\t","protected":false},"excerpt":{"rendered":"<p>CORB\u00c1RIO Extraction and Transformation of Raw Materials Lorem ipsum dolor sit amet, consectetur adipiscing elit, sed do eiusmod tempor incididunt<\/p>\n","protected":false},"author":3,"featured_media":0,"parent":0,"menu_order":0,"comment_status":"closed","ping_status":"closed","template":"","meta":{"_monsterinsights_skip_tracking":false,"_monsterinsights_sitenote_active":false,"_monsterinsights_sitenote_note":"","_monsterinsights_sitenote_category":0,"footnotes":""},"class_list":["post-9351","page","type-page","status-publish","hentry"],"yoast_head":"<!-- This site is optimized with the Yoast SEO plugin v25.5 - https:\/\/yoast.com\/wordpress\/plugins\/seo\/ -->\n<title>Companies - Corb\u00e1rio<\/title>\n<meta name=\"robots\" content=\"index, follow, max-snippet:-1, max-image-preview:large, max-video-preview:-1\" \/>\n<link rel=\"canonical\" href=\"https:\/\/corbario.com\/en\/companies\/\" \/>\n<meta property=\"og:locale\" content=\"en_US\" \/>\n<meta property=\"og:type\" content=\"article\" \/>\n<meta property=\"og:title\" content=\"Companies - Corb\u00e1rio\" \/>\n<meta property=\"og:description\" content=\"CORB\u00c1RIO Extraction and Transformation of Raw Materials Lorem ipsum dolor sit amet, consectetur adipiscing elit, sed do eiusmod tempor incididunt\" \/>\n<meta property=\"og:url\" content=\"https:\/\/corbario.com\/en\/companies\/\" \/>\n<meta property=\"og:site_name\" content=\"Corb\u00e1rio\" \/>\n<meta property=\"article:modified_time\" content=\"2022-06-20T09:46:48+00:00\" \/>\n<meta name=\"twitter:card\" content=\"summary_large_image\" \/>\n<meta name=\"twitter:label1\" content=\"Est. reading time\" \/>\n\t<meta name=\"twitter:data1\" content=\"1 minute\" \/>\n<script type=\"application\/ld+json\" class=\"yoast-schema-graph\">{\"@context\":\"https:\/\/schema.org\",\"@graph\":[{\"@type\":\"WebPage\",\"@id\":\"https:\/\/corbario.com\/en\/companies\/\",\"url\":\"https:\/\/corbario.com\/en\/companies\/\",\"name\":\"Companies - Corb\u00e1rio\",\"isPartOf\":{\"@id\":\"https:\/\/corbario.com\/en\/#website\"},\"datePublished\":\"2022-06-15T11:18:10+00:00\",\"dateModified\":\"2022-06-20T09:46:48+00:00\",\"breadcrumb\":{\"@id\":\"https:\/\/corbario.com\/en\/companies\/#breadcrumb\"},\"inLanguage\":\"en-US\",\"potentialAction\":[{\"@type\":\"ReadAction\",\"target\":[\"https:\/\/corbario.com\/en\/companies\/\"]}]},{\"@type\":\"BreadcrumbList\",\"@id\":\"https:\/\/corbario.com\/en\/companies\/#breadcrumb\",\"itemListElement\":[{\"@type\":\"ListItem\",\"position\":1,\"name\":\"In\u00edcio\",\"item\":\"https:\/\/corbario.com\/en\/\"},{\"@type\":\"ListItem\",\"position\":2,\"name\":\"Companies\"}]},{\"@type\":\"WebSite\",\"@id\":\"https:\/\/corbario.com\/en\/#website\",\"url\":\"https:\/\/corbario.com\/en\/\",\"name\":\"Corb\u00e1rio - Extra\u00e7\u00e3o e Transforma\u00e7\u00e3o de Min\u00e9rios\",\"description\":\"A Portuguese based mining company with a diversed range of products\",\"publisher\":{\"@id\":\"https:\/\/corbario.com\/en\/#organization\"},\"potentialAction\":[{\"@type\":\"SearchAction\",\"target\":{\"@type\":\"EntryPoint\",\"urlTemplate\":\"https:\/\/corbario.com\/en\/?s={search_term_string}\"},\"query-input\":{\"@type\":\"PropertyValueSpecification\",\"valueRequired\":true,\"valueName\":\"search_term_string\"}}],\"inLanguage\":\"en-US\"},{\"@type\":\"Organization\",\"@id\":\"https:\/\/corbario.com\/en\/#organization\",\"name\":\"Corb\u00e1rio - Extra\u00e7\u00e3o e Transforma\u00e7\u00e3o de Min\u00e9rios\",\"url\":\"https:\/\/corbario.com\/en\/\",\"logo\":{\"@type\":\"ImageObject\",\"inLanguage\":\"en-US\",\"@id\":\"https:\/\/corbario.com\/en\/#\/schema\/logo\/image\/\",\"url\":\"https:\/\/corbario.com\/wp-content\/uploads\/2022\/06\/logo-corbario-cores.svg\",\"contentUrl\":\"https:\/\/corbario.com\/wp-content\/uploads\/2022\/06\/logo-corbario-cores.svg\",\"width\":695,\"height\":221,\"caption\":\"Corb\u00e1rio - Extra\u00e7\u00e3o e Transforma\u00e7\u00e3o de Min\u00e9rios\"},\"image\":{\"@id\":\"https:\/\/corbario.com\/en\/#\/schema\/logo\/image\/\"}}]}<\/script>\n<!-- \/ Yoast SEO plugin. -->","yoast_head_json":{"title":"Companies - Corb\u00e1rio","robots":{"index":"index","follow":"follow","max-snippet":"max-snippet:-1","max-image-preview":"max-image-preview:large","max-video-preview":"max-video-preview:-1"},"canonical":"https:\/\/corbario.com\/en\/companies\/","og_locale":"en_US","og_type":"article","og_title":"Companies - Corb\u00e1rio","og_description":"CORB\u00c1RIO Extraction and Transformation of Raw Materials Lorem ipsum dolor sit amet, consectetur adipiscing elit, sed do eiusmod tempor incididunt","og_url":"https:\/\/corbario.com\/en\/companies\/","og_site_name":"Corb\u00e1rio","article_modified_time":"2022-06-20T09:46:48+00:00","twitter_card":"summary_large_image","twitter_misc":{"Est. reading time":"1 minute"},"schema":{"@context":"https:\/\/schema.org","@graph":[{"@type":"WebPage","@id":"https:\/\/corbario.com\/en\/companies\/","url":"https:\/\/corbario.com\/en\/companies\/","name":"Companies - Corb\u00e1rio","isPartOf":{"@id":"https:\/\/corbario.com\/en\/#website"},"datePublished":"2022-06-15T11:18:10+00:00","dateModified":"2022-06-20T09:46:48+00:00","breadcrumb":{"@id":"https:\/\/corbario.com\/en\/companies\/#breadcrumb"},"inLanguage":"en-US","potentialAction":[{"@type":"ReadAction","target":["https:\/\/corbario.com\/en\/companies\/"]}]},{"@type":"BreadcrumbList","@id":"https:\/\/corbario.com\/en\/companies\/#breadcrumb","itemListElement":[{"@type":"ListItem","position":1,"name":"In\u00edcio","item":"https:\/\/corbario.com\/en\/"},{"@type":"ListItem","position":2,"name":"Companies"}]},{"@type":"WebSite","@id":"https:\/\/corbario.com\/en\/#website","url":"https:\/\/corbario.com\/en\/","name":"Corb\u00e1rio - Extra\u00e7\u00e3o e Transforma\u00e7\u00e3o de Min\u00e9rios","description":"A Portuguese based mining company with a diversed range of products","publisher":{"@id":"https:\/\/corbario.com\/en\/#organization"},"potentialAction":[{"@type":"SearchAction","target":{"@type":"EntryPoint","urlTemplate":"https:\/\/corbario.com\/en\/?s={search_term_string}"},"query-input":{"@type":"PropertyValueSpecification","valueRequired":true,"valueName":"search_term_string"}}],"inLanguage":"en-US"},{"@type":"Organization","@id":"https:\/\/corbario.com\/en\/#organization","name":"Corb\u00e1rio - Extra\u00e7\u00e3o e Transforma\u00e7\u00e3o de Min\u00e9rios","url":"https:\/\/corbario.com\/en\/","logo":{"@type":"ImageObject","inLanguage":"en-US","@id":"https:\/\/corbario.com\/en\/#\/schema\/logo\/image\/","url":"https:\/\/corbario.com\/wp-content\/uploads\/2022\/06\/logo-corbario-cores.svg","contentUrl":"https:\/\/corbario.com\/wp-content\/uploads\/2022\/06\/logo-corbario-cores.svg","width":695,"height":221,"caption":"Corb\u00e1rio - Extra\u00e7\u00e3o e Transforma\u00e7\u00e3o de Min\u00e9rios"},"image":{"@id":"https:\/\/corbario.com\/en\/#\/schema\/logo\/image\/"}}]}},"_links":{"self":[{"href":"https:\/\/corbario.com\/en\/wp-json\/wp\/v2\/pages\/9351","targetHints":{"allow":["GET"]}}],"collection":[{"href":"https:\/\/corbario.com\/en\/wp-json\/wp\/v2\/pages"}],"about":[{"href":"https:\/\/corbario.com\/en\/wp-json\/wp\/v2\/types\/page"}],"author":[{"embeddable":true,"href":"https:\/\/corbario.com\/en\/wp-json\/wp\/v2\/users\/3"}],"replies":[{"embeddable":true,"href":"https:\/\/corbario.com\/en\/wp-json\/wp\/v2\/comments?post=9351"}],"version-history":[{"count":54,"href":"https:\/\/corbario.com\/en\/wp-json\/wp\/v2\/pages\/9351\/revisions"}],"predecessor-version":[{"id":9622,"href":"https:\/\/corbario.com\/en\/wp-json\/wp\/v2\/pages\/9351\/revisions\/9622"}],"wp:attachment":[{"href":"https:\/\/corbario.com\/en\/wp-json\/wp\/v2\/media?parent=9351"}],"curies":[{"name":"wp","href":"https:\/\/api.w.org\/{rel}","templated":true}]}}