{"id":9774,"date":"2022-06-20T10:49:52","date_gmt":"2022-06-20T10:49:52","guid":{"rendered":"https:\/\/corbario.com\/?post_type=product&#038;p=9774"},"modified":"2022-06-20T10:50:30","modified_gmt":"2022-06-20T10:50:30","slug":"ball-clay-for-sanitaryware","status":"publish","type":"product","link":"https:\/\/corbario.com\/en\/produtos\/ball-clay-for-sanitaryware\/","title":{"rendered":"Ball Clay for Sanitaryware"},"content":{"rendered":"","protected":false},"excerpt":{"rendered":"","protected":false},"featured_media":9764,"comment_status":"open","ping_status":"closed","template":"","meta":{"_monsterinsights_skip_tracking":false,"_monsterinsights_sitenote_active":false,"_monsterinsights_sitenote_note":"","_monsterinsights_sitenote_category":0},"product_brand":[],"product_cat":[20],"product_tag":[],"class_list":{"0":"post-9774","1":"product","2":"type-product","3":"status-publish","4":"has-post-thumbnail","6":"product_cat-accessories","8":"first","9":"instock","10":"shipping-taxable","11":"product-type-simple"},"yoast_head":"<!-- This site is optimized with the Yoast SEO plugin v25.5 - https:\/\/yoast.com\/wordpress\/plugins\/seo\/ -->\n<title>Ball Clay for Sanitaryware - Corb\u00e1rio<\/title>\n<meta name=\"robots\" content=\"index, follow, max-snippet:-1, max-image-preview:large, max-video-preview:-1\" \/>\n<link rel=\"canonical\" href=\"https:\/\/corbario.com\/en\/produtos\/ball-clay-for-sanitaryware\/\" \/>\n<meta property=\"og:locale\" content=\"en_US\" \/>\n<meta property=\"og:type\" content=\"article\" \/>\n<meta property=\"og:title\" content=\"Ball Clay for Sanitaryware - Corb\u00e1rio\" \/>\n<meta property=\"og:url\" content=\"https:\/\/corbario.com\/en\/produtos\/ball-clay-for-sanitaryware\/\" \/>\n<meta property=\"og:site_name\" content=\"Corb\u00e1rio\" \/>\n<meta property=\"article:modified_time\" content=\"2022-06-20T10:50:30+00:00\" \/>\n<meta property=\"og:image\" content=\"https:\/\/corbario.com\/wp-content\/uploads\/2022\/06\/ball-clay-for-sanitaryware.webp\" \/>\n\t<meta property=\"og:image:width\" content=\"1200\" \/>\n\t<meta property=\"og:image:height\" content=\"1200\" \/>\n\t<meta property=\"og:image:type\" content=\"image\/webp\" \/>\n<meta name=\"twitter:card\" content=\"summary_large_image\" \/>\n<script type=\"application\/ld+json\" class=\"yoast-schema-graph\">{\"@context\":\"https:\/\/schema.org\",\"@graph\":[{\"@type\":\"WebPage\",\"@id\":\"https:\/\/corbario.com\/en\/produtos\/ball-clay-for-sanitaryware\/\",\"url\":\"https:\/\/corbario.com\/en\/produtos\/ball-clay-for-sanitaryware\/\",\"name\":\"Ball Clay for Sanitaryware - Corb\u00e1rio\",\"isPartOf\":{\"@id\":\"https:\/\/corbario.com\/en\/#website\"},\"primaryImageOfPage\":{\"@id\":\"https:\/\/corbario.com\/en\/produtos\/ball-clay-for-sanitaryware\/#primaryimage\"},\"image\":{\"@id\":\"https:\/\/corbario.com\/en\/produtos\/ball-clay-for-sanitaryware\/#primaryimage\"},\"thumbnailUrl\":\"https:\/\/corbario.com\/wp-content\/uploads\/2022\/06\/ball-clay-for-sanitaryware.webp\",\"datePublished\":\"2022-06-20T10:49:52+00:00\",\"dateModified\":\"2022-06-20T10:50:30+00:00\",\"breadcrumb\":{\"@id\":\"https:\/\/corbario.com\/en\/produtos\/ball-clay-for-sanitaryware\/#breadcrumb\"},\"inLanguage\":\"en-US\",\"potentialAction\":[{\"@type\":\"ReadAction\",\"target\":[\"https:\/\/corbario.com\/en\/produtos\/ball-clay-for-sanitaryware\/\"]}]},{\"@type\":\"ImageObject\",\"inLanguage\":\"en-US\",\"@id\":\"https:\/\/corbario.com\/en\/produtos\/ball-clay-for-sanitaryware\/#primaryimage\",\"url\":\"https:\/\/corbario.com\/wp-content\/uploads\/2022\/06\/ball-clay-for-sanitaryware.webp\",\"contentUrl\":\"https:\/\/corbario.com\/wp-content\/uploads\/2022\/06\/ball-clay-for-sanitaryware.webp\",\"width\":1200,\"height\":1200},{\"@type\":\"BreadcrumbList\",\"@id\":\"https:\/\/corbario.com\/en\/produtos\/ball-clay-for-sanitaryware\/#breadcrumb\",\"itemListElement\":[{\"@type\":\"ListItem\",\"position\":1,\"name\":\"In\u00edcio\",\"item\":\"https:\/\/corbario.com\/en\/\"},{\"@type\":\"ListItem\",\"position\":2,\"name\":\"Products\",\"item\":\"https:\/\/corbario.com\/produtos\/\"},{\"@type\":\"ListItem\",\"position\":3,\"name\":\"Ball Clay for Sanitaryware\"}]},{\"@type\":\"WebSite\",\"@id\":\"https:\/\/corbario.com\/en\/#website\",\"url\":\"https:\/\/corbario.com\/en\/\",\"name\":\"Corb\u00e1rio - Extra\u00e7\u00e3o e Transforma\u00e7\u00e3o de Min\u00e9rios\",\"description\":\"A Portuguese based mining company with a diversed range of products\",\"publisher\":{\"@id\":\"https:\/\/corbario.com\/en\/#organization\"},\"potentialAction\":[{\"@type\":\"SearchAction\",\"target\":{\"@type\":\"EntryPoint\",\"urlTemplate\":\"https:\/\/corbario.com\/en\/?s={search_term_string}\"},\"query-input\":{\"@type\":\"PropertyValueSpecification\",\"valueRequired\":true,\"valueName\":\"search_term_string\"}}],\"inLanguage\":\"en-US\"},{\"@type\":\"Organization\",\"@id\":\"https:\/\/corbario.com\/en\/#organization\",\"name\":\"Corb\u00e1rio - Extra\u00e7\u00e3o e Transforma\u00e7\u00e3o de Min\u00e9rios\",\"url\":\"https:\/\/corbario.com\/en\/\",\"logo\":{\"@type\":\"ImageObject\",\"inLanguage\":\"en-US\",\"@id\":\"https:\/\/corbario.com\/en\/#\/schema\/logo\/image\/\",\"url\":\"https:\/\/corbario.com\/wp-content\/uploads\/2022\/06\/logo-corbario-cores.svg\",\"contentUrl\":\"https:\/\/corbario.com\/wp-content\/uploads\/2022\/06\/logo-corbario-cores.svg\",\"width\":695,\"height\":221,\"caption\":\"Corb\u00e1rio - Extra\u00e7\u00e3o e Transforma\u00e7\u00e3o de Min\u00e9rios\"},\"image\":{\"@id\":\"https:\/\/corbario.com\/en\/#\/schema\/logo\/image\/\"}}]}<\/script>\n<!-- \/ Yoast SEO plugin. -->","yoast_head_json":{"title":"Ball Clay for Sanitaryware - Corb\u00e1rio","robots":{"index":"index","follow":"follow","max-snippet":"max-snippet:-1","max-image-preview":"max-image-preview:large","max-video-preview":"max-video-preview:-1"},"canonical":"https:\/\/corbario.com\/en\/produtos\/ball-clay-for-sanitaryware\/","og_locale":"en_US","og_type":"article","og_title":"Ball Clay for Sanitaryware - Corb\u00e1rio","og_url":"https:\/\/corbario.com\/en\/produtos\/ball-clay-for-sanitaryware\/","og_site_name":"Corb\u00e1rio","article_modified_time":"2022-06-20T10:50:30+00:00","og_image":[{"width":1200,"height":1200,"url":"https:\/\/corbario.com\/wp-content\/uploads\/2022\/06\/ball-clay-for-sanitaryware.webp","type":"image\/webp"}],"twitter_card":"summary_large_image","schema":{"@context":"https:\/\/schema.org","@graph":[{"@type":"WebPage","@id":"https:\/\/corbario.com\/en\/produtos\/ball-clay-for-sanitaryware\/","url":"https:\/\/corbario.com\/en\/produtos\/ball-clay-for-sanitaryware\/","name":"Ball Clay for Sanitaryware - Corb\u00e1rio","isPartOf":{"@id":"https:\/\/corbario.com\/en\/#website"},"primaryImageOfPage":{"@id":"https:\/\/corbario.com\/en\/produtos\/ball-clay-for-sanitaryware\/#primaryimage"},"image":{"@id":"https:\/\/corbario.com\/en\/produtos\/ball-clay-for-sanitaryware\/#primaryimage"},"thumbnailUrl":"https:\/\/corbario.com\/wp-content\/uploads\/2022\/06\/ball-clay-for-sanitaryware.webp","datePublished":"2022-06-20T10:49:52+00:00","dateModified":"2022-06-20T10:50:30+00:00","breadcrumb":{"@id":"https:\/\/corbario.com\/en\/produtos\/ball-clay-for-sanitaryware\/#breadcrumb"},"inLanguage":"en-US","potentialAction":[{"@type":"ReadAction","target":["https:\/\/corbario.com\/en\/produtos\/ball-clay-for-sanitaryware\/"]}]},{"@type":"ImageObject","inLanguage":"en-US","@id":"https:\/\/corbario.com\/en\/produtos\/ball-clay-for-sanitaryware\/#primaryimage","url":"https:\/\/corbario.com\/wp-content\/uploads\/2022\/06\/ball-clay-for-sanitaryware.webp","contentUrl":"https:\/\/corbario.com\/wp-content\/uploads\/2022\/06\/ball-clay-for-sanitaryware.webp","width":1200,"height":1200},{"@type":"BreadcrumbList","@id":"https:\/\/corbario.com\/en\/produtos\/ball-clay-for-sanitaryware\/#breadcrumb","itemListElement":[{"@type":"ListItem","position":1,"name":"In\u00edcio","item":"https:\/\/corbario.com\/en\/"},{"@type":"ListItem","position":2,"name":"Products","item":"https:\/\/corbario.com\/produtos\/"},{"@type":"ListItem","position":3,"name":"Ball Clay for Sanitaryware"}]},{"@type":"WebSite","@id":"https:\/\/corbario.com\/en\/#website","url":"https:\/\/corbario.com\/en\/","name":"Corb\u00e1rio - Extra\u00e7\u00e3o e Transforma\u00e7\u00e3o de Min\u00e9rios","description":"A Portuguese based mining company with a diversed range of products","publisher":{"@id":"https:\/\/corbario.com\/en\/#organization"},"potentialAction":[{"@type":"SearchAction","target":{"@type":"EntryPoint","urlTemplate":"https:\/\/corbario.com\/en\/?s={search_term_string}"},"query-input":{"@type":"PropertyValueSpecification","valueRequired":true,"valueName":"search_term_string"}}],"inLanguage":"en-US"},{"@type":"Organization","@id":"https:\/\/corbario.com\/en\/#organization","name":"Corb\u00e1rio - Extra\u00e7\u00e3o e Transforma\u00e7\u00e3o de Min\u00e9rios","url":"https:\/\/corbario.com\/en\/","logo":{"@type":"ImageObject","inLanguage":"en-US","@id":"https:\/\/corbario.com\/en\/#\/schema\/logo\/image\/","url":"https:\/\/corbario.com\/wp-content\/uploads\/2022\/06\/logo-corbario-cores.svg","contentUrl":"https:\/\/corbario.com\/wp-content\/uploads\/2022\/06\/logo-corbario-cores.svg","width":695,"height":221,"caption":"Corb\u00e1rio - Extra\u00e7\u00e3o e Transforma\u00e7\u00e3o de Min\u00e9rios"},"image":{"@id":"https:\/\/corbario.com\/en\/#\/schema\/logo\/image\/"}}]}},"_links":{"self":[{"href":"https:\/\/corbario.com\/en\/wp-json\/wp\/v2\/product\/9774","targetHints":{"allow":["GET"]}}],"collection":[{"href":"https:\/\/corbario.com\/en\/wp-json\/wp\/v2\/product"}],"about":[{"href":"https:\/\/corbario.com\/en\/wp-json\/wp\/v2\/types\/product"}],"replies":[{"embeddable":true,"href":"https:\/\/corbario.com\/en\/wp-json\/wp\/v2\/comments?post=9774"}],"version-history":[{"count":1,"href":"https:\/\/corbario.com\/en\/wp-json\/wp\/v2\/product\/9774\/revisions"}],"predecessor-version":[{"id":9775,"href":"https:\/\/corbario.com\/en\/wp-json\/wp\/v2\/product\/9774\/revisions\/9775"}],"wp:featuredmedia":[{"embeddable":true,"href":"https:\/\/corbario.com\/en\/wp-json\/wp\/v2\/media\/9764"}],"wp:attachment":[{"href":"https:\/\/corbario.com\/en\/wp-json\/wp\/v2\/media?parent=9774"}],"wp:term":[{"taxonomy":"product_brand","embeddable":true,"href":"https:\/\/corbario.com\/en\/wp-json\/wp\/v2\/product_brand?post=9774"},{"taxonomy":"product_cat","embeddable":true,"href":"https:\/\/corbario.com\/en\/wp-json\/wp\/v2\/product_cat?post=9774"},{"taxonomy":"product_tag","embeddable":true,"href":"https:\/\/corbario.com\/en\/wp-json\/wp\/v2\/product_tag?post=9774"}],"curies":[{"name":"wp","href":"https:\/\/api.w.org\/{rel}","templated":true}]}}